{"id":174,"date":"2020-07-14T12:16:57","date_gmt":"2020-07-14T12:16:57","guid":{"rendered":"http:\/\/pferdekultur.at\/?page_id=174"},"modified":"2020-07-14T12:21:52","modified_gmt":"2020-07-14T12:21:52","slug":"sabine-kloibhofer","status":"publish","type":"page","link":"http:\/\/pferdekultur.at\/?page_id=174","title":{"rendered":"Sabine Kloibhofer"},"content":{"rendered":"\n<div class=\"wp-block-columns is-layout-flex wp-container-3\">\n<div class=\"wp-block-column is-layout-flow\">\n<figure class=\"wp-block-image size-large is-resized\"><img decoding=\"async\" loading=\"lazy\" src=\"http:\/\/pferdekultur.at\/wp-content\/uploads\/2020\/07\/sk.jpg\" alt=\"\" class=\"wp-image-176\" width=\"237\" height=\"233\" srcset=\"http:\/\/pferdekultur.at\/wp-content\/uploads\/2020\/07\/sk.jpg 500w, http:\/\/pferdekultur.at\/wp-content\/uploads\/2020\/07\/sk-300x295.jpg 300w, http:\/\/pferdekultur.at\/wp-content\/uploads\/2020\/07\/sk-60x60.jpg 60w\" sizes=\"(max-width: 237px) 100vw, 237px\" \/><\/figure>\n<\/div>\n\n\n\n<div class=\"wp-block-column is-layout-flow\"><\/div>\n<\/div>\n\n\n\n<p>Ich bin pferdeverr\u00fcckt seit ich denken kann.<\/p>\n\n\n\n<p>Mit dem Reitsport begonnen habe ich mit der \u201eLearning-by-doing\u201c-Methode. Mit 14 hatte ich meine Eltern soweit weichgeklopft, dass sie mir ein eigenes Pony (Haflinger-Araber Mischung) gekauft haben. Nun kam ich auch erstmals in den Genu\u00df von professionellem Reitunterricht, welcher dann auch meine Turnierambitionen weckte.<\/p>\n\n\n\n<p>Leider war mein Pony nicht \u201eturnierwillig\u201c und so bekam ich mein erstes Warmblut. Da wir damals sogenannte \u201eWald und Wies\u2019n Reiter\u201c waren, war meine Paradedisziplin die Vielseitigkeit. In dieser Sparte konnte ich mich bereits nach 4 Jahren f\u00fcr die Europameisterschaft der l\u00e4ndlichen Reiter qualifizieren. Starten konnten wir aufgrund einer Verletzung meines Pferdes dann leider doch nicht.<\/p>\n\n\n\n<p>Nachdem ich mit meinem Studium der Geophysik begonnen hatte, konnte ich dem Trainingsaufwand f\u00fcr die Vielseitigkeit leider nicht mehr gerecht werden und habe mich entschieden, mit dem Dressurreiten weiter zu machen. Dieser Entscheidung bin ich bis heute treu geblieben und starte mittlerweile bis zur schweren Klasse.<\/p>\n\n\n\n<p>Meine Leidenschaft f\u00fcrs Reiten wird gl\u00fccklicherweise von meinem Mann <a href=\"http:\/\/pferdekultur.at\/?page_id=178\">Christian<\/a> unterst\u00fctzt, der mich auf jedes Turnier begleitet.<\/p>\n\n\n\n<p>Ein weiterer langj\u00e4hriger Begleiter in meiner Reitsportkarriere ist mein Trainer, Norbert Serschen. Selbst fr\u00fcher erfolgreicher Vielseitigkeits- und Dressurreiter unterst\u00fctzt er mich nun bereits seit \u00fcber 30 Jahren, wof\u00fcr ich sehr dankbar bin.<\/p>\n\n\n\n<div class=\"wp-block-columns is-layout-flex wp-container-6\">\n<div class=\"wp-block-column is-layout-flow\">\n<div class=\"alignnormal\"><div id=\"metaslider-id-188\" style=\"width: 100%;\" class=\"ml-slider-3-105-0 metaslider metaslider-flex metaslider-188 ml-slider has-dots-nav ms-theme-default\" role=\"region\" aria-label=\"Norbert Serschen\" data-height=\"300\" data-width=\"500\">\n    <div id=\"metaslider_container_188\">\n        <div id=\"metaslider_188\">\n            <ul class='slides'>\n                <li style=\"display: block; width: 100%;\" class=\"slide-190 ms-image \" aria-roledescription=\"slide\" data-date=\"2020-07-14 12:16:09\" data-filename=\"TEAM_Serschen_01-500x300.jpg\" data-slide-type=\"image\"><img src=\"http:\/\/pferdekultur.at\/wp-content\/uploads\/2020\/07\/TEAM_Serschen_01-500x300.jpg\" height=\"300\" width=\"500\" alt=\"\" class=\"slider-188 slide-190 msDefaultImage\" title=\"TEAM_Serschen_01\" \/><\/li>\n                <li style=\"display: none; width: 100%;\" class=\"slide-191 ms-image \" aria-roledescription=\"slide\" data-date=\"2020-07-14 12:16:09\" data-filename=\"P1520544-400x240.jpg\" data-slide-type=\"image\"><img src=\"http:\/\/pferdekultur.at\/wp-content\/uploads\/2020\/07\/P1520544-400x240.jpg\" height=\"300\" width=\"500\" alt=\"\" class=\"slider-188 slide-191 msDefaultImage\" title=\"P1520544\" \/><\/li>\n                <li style=\"display: none; width: 100%;\" class=\"slide-192 ms-image \" aria-roledescription=\"slide\" data-date=\"2020-07-14 12:16:09\" data-filename=\"springen_02-500x300.jpg\" data-slide-type=\"image\"><img src=\"http:\/\/pferdekultur.at\/wp-content\/uploads\/2020\/07\/springen_02-500x300.jpg\" height=\"300\" width=\"500\" alt=\"\" class=\"slider-188 slide-192 msDefaultImage\" title=\"springen_02\" \/><\/li>\n                <li style=\"display: none; width: 100%;\" class=\"slide-193 ms-image \" aria-roledescription=\"slide\" data-date=\"2020-07-14 12:16:09\" data-filename=\"FERDLN_graefin_04-500x300.jpg\" data-slide-type=\"image\"><img src=\"http:\/\/pferdekultur.at\/wp-content\/uploads\/2020\/07\/FERDLN_graefin_04-500x300.jpg\" height=\"300\" width=\"500\" alt=\"\" class=\"slider-188 slide-193 msDefaultImage\" title=\"FERDLN_graefin_04\" \/><\/li>\n            <\/ul>\n        <\/div>\n        \n    <\/div>\n<\/div><\/div>\n<\/div>\n\n\n\n<div class=\"wp-block-column is-layout-flow\"><\/div>\n<\/div>\n","protected":false},"excerpt":{"rendered":"<p>Ich bin pferdeverr\u00fcckt seit ich denken kann. Mit dem Reitsport begonnen habe ich mit der \u201eLearning-by-doing\u201c-Methode. Mit 14 hatte ich meine Eltern soweit weichgeklopft, dass sie mir ein eigenes Pony (Haflinger-Araber Mischung) gekauft haben. Nun kam ich auch erstmals in den Genu\u00df von professionellem Reitunterricht, welcher dann auch meine Turnierambitionen weckte. Leider war mein Pony [&hellip;]<\/p>\n","protected":false},"author":2,"featured_media":0,"parent":0,"menu_order":0,"comment_status":"closed","ping_status":"closed","template":"","meta":[],"_links":{"self":[{"href":"http:\/\/pferdekultur.at\/index.php?rest_route=\/wp\/v2\/pages\/174"}],"collection":[{"href":"http:\/\/pferdekultur.at\/index.php?rest_route=\/wp\/v2\/pages"}],"about":[{"href":"http:\/\/pferdekultur.at\/index.php?rest_route=\/wp\/v2\/types\/page"}],"author":[{"embeddable":true,"href":"http:\/\/pferdekultur.at\/index.php?rest_route=\/wp\/v2\/users\/2"}],"replies":[{"embeddable":true,"href":"http:\/\/pferdekultur.at\/index.php?rest_route=%2Fwp%2Fv2%2Fcomments&post=174"}],"version-history":[{"count":7,"href":"http:\/\/pferdekultur.at\/index.php?rest_route=\/wp\/v2\/pages\/174\/revisions"}],"predecessor-version":[{"id":204,"href":"http:\/\/pferdekultur.at\/index.php?rest_route=\/wp\/v2\/pages\/174\/revisions\/204"}],"wp:attachment":[{"href":"http:\/\/pferdekultur.at\/index.php?rest_route=%2Fwp%2Fv2%2Fmedia&parent=174"}],"curies":[{"name":"wp","href":"https:\/\/api.w.org\/{rel}","templated":true}]}}