{"id":178,"date":"2020-07-14T12:20:39","date_gmt":"2020-07-14T12:20:39","guid":{"rendered":"http:\/\/pferdekultur.at\/?page_id=178"},"modified":"2020-07-14T12:20:40","modified_gmt":"2020-07-14T12:20:40","slug":"christian-kloibhofer","status":"publish","type":"page","link":"http:\/\/pferdekultur.at\/?page_id=178","title":{"rendered":"Christian Kloibhofer"},"content":{"rendered":"\n<div class=\"wp-block-columns is-layout-flex wp-container-3\">\n<div class=\"wp-block-column is-layout-flow\">\n<figure class=\"wp-block-image size-large is-resized\"><img decoding=\"async\" loading=\"lazy\" src=\"http:\/\/pferdekultur.at\/wp-content\/uploads\/2020\/07\/44A8097-1024x689.jpg\" alt=\"\" class=\"wp-image-179\" width=\"298\" height=\"201\" srcset=\"http:\/\/pferdekultur.at\/wp-content\/uploads\/2020\/07\/44A8097-1024x689.jpg 1024w, http:\/\/pferdekultur.at\/wp-content\/uploads\/2020\/07\/44A8097-300x202.jpg 300w, http:\/\/pferdekultur.at\/wp-content\/uploads\/2020\/07\/44A8097-768x517.jpg 768w, http:\/\/pferdekultur.at\/wp-content\/uploads\/2020\/07\/44A8097-1536x1034.jpg 1536w, http:\/\/pferdekultur.at\/wp-content\/uploads\/2020\/07\/44A8097-2048x1379.jpg 2048w\" sizes=\"(max-width: 298px) 100vw, 298px\" \/><\/figure>\n<\/div>\n\n\n\n<div class=\"wp-block-column is-layout-flow\"><\/div>\n<\/div>\n\n\n\n<p>Meine Verbindung zum Pferdesport besteht im Kutschenfahren. Leider l\u00e4sst mir mein Beruf nicht immer die Zeit dazu, fr\u00fcher bin ich aber in allen m\u00f6glichen Anspannungsarten unterwegs gewesen. Von Quadriga bis Sechssp\u00e4nner. Nun bin ich haupts\u00e4chlich Turnierbegleiter f\u00fcr meine Frau.<\/p>\n\n\n\n<div style=\"height:73px\" aria-hidden=\"true\" class=\"wp-block-spacer\"><\/div>\n\n\n\n<div class=\"wp-block-columns is-layout-flex wp-container-6\">\n<div class=\"wp-block-column is-layout-flow\">\n<div class=\"alignnormal\"><div id=\"metaslider-id-195\" style=\"width: 100%;\" class=\"ml-slider-3-105-0 metaslider metaslider-flex metaslider-195 ml-slider has-dots-nav ms-theme-default\" role=\"region\" aria-label=\"Christian\" data-height=\"400\" data-width=\"600\">\n    <div id=\"metaslider_container_195\">\n        <div id=\"metaslider_195\">\n            <ul class='slides'>\n                <li style=\"display: block; width: 100%;\" class=\"slide-197 ms-image \" aria-roledescription=\"slide\" data-date=\"2020-07-14 12:17:52\" data-filename=\"IMG_1255.jpg\" data-slide-type=\"image\"><img src=\"http:\/\/pferdekultur.at\/wp-content\/uploads\/2020\/07\/IMG_1255.jpg\" height=\"400\" width=\"600\" alt=\"\" class=\"slider-195 slide-197 msDefaultImage\" title=\"IMG_1255\" \/><\/li>\n                <li style=\"display: none; width: 100%;\" class=\"slide-198 ms-image \" aria-roledescription=\"slide\" data-date=\"2020-07-14 12:17:52\" data-filename=\"DSCN0993_HP-scaled-600x400.jpg\" data-slide-type=\"image\"><img src=\"http:\/\/pferdekultur.at\/wp-content\/uploads\/2020\/07\/DSCN0993_HP-scaled-600x400.jpg\" height=\"400\" width=\"600\" alt=\"\" class=\"slider-195 slide-198 msDefaultImage\" title=\"DSCN0993_HP\" \/><\/li>\n            <\/ul>\n        <\/div>\n        \n    <\/div>\n<\/div><\/div>\n<\/div>\n\n\n\n<div class=\"wp-block-column is-layout-flow\"><\/div>\n<\/div>\n","protected":false},"excerpt":{"rendered":"<p>Meine Verbindung zum Pferdesport besteht im Kutschenfahren. Leider l\u00e4sst mir mein Beruf nicht immer die Zeit dazu, fr\u00fcher bin ich aber in allen m\u00f6glichen Anspannungsarten unterwegs gewesen. Von Quadriga bis Sechssp\u00e4nner. Nun bin ich haupts\u00e4chlich Turnierbegleiter f\u00fcr meine Frau.<\/p>\n","protected":false},"author":2,"featured_media":0,"parent":0,"menu_order":0,"comment_status":"closed","ping_status":"closed","template":"","meta":[],"_links":{"self":[{"href":"http:\/\/pferdekultur.at\/index.php?rest_route=\/wp\/v2\/pages\/178"}],"collection":[{"href":"http:\/\/pferdekultur.at\/index.php?rest_route=\/wp\/v2\/pages"}],"about":[{"href":"http:\/\/pferdekultur.at\/index.php?rest_route=\/wp\/v2\/types\/page"}],"author":[{"embeddable":true,"href":"http:\/\/pferdekultur.at\/index.php?rest_route=\/wp\/v2\/users\/2"}],"replies":[{"embeddable":true,"href":"http:\/\/pferdekultur.at\/index.php?rest_route=%2Fwp%2Fv2%2Fcomments&post=178"}],"version-history":[{"count":6,"href":"http:\/\/pferdekultur.at\/index.php?rest_route=\/wp\/v2\/pages\/178\/revisions"}],"predecessor-version":[{"id":201,"href":"http:\/\/pferdekultur.at\/index.php?rest_route=\/wp\/v2\/pages\/178\/revisions\/201"}],"wp:attachment":[{"href":"http:\/\/pferdekultur.at\/index.php?rest_route=%2Fwp%2Fv2%2Fmedia&parent=178"}],"curies":[{"name":"wp","href":"https:\/\/api.w.org\/{rel}","templated":true}]}}