{"id":71,"date":"2020-07-14T08:48:13","date_gmt":"2020-07-14T08:48:13","guid":{"rendered":"http:\/\/pferdekultur.at\/?page_id=71"},"modified":"2020-07-14T08:48:14","modified_gmt":"2020-07-14T08:48:14","slug":"vielseitigkeitsreiten","status":"publish","type":"page","link":"http:\/\/pferdekultur.at\/?page_id=71","title":{"rendered":"Vielseitigkeitsreiten"},"content":{"rendered":"\n<p>Das Vielseitigkeitsreiten setzt sich aus drei Teilpr\u00fcfungen der Disziplinen Dressur, Springen und Gel\u00e4ndereiten innerhalb eines Wettbewerbes zusammen. Die Pr\u00fcfung hat einen milit\u00e4rischen Ursprung. Bei der Vielseitigkeitspr\u00fcfung ben\u00f6tigen Pferd und Reiter oftmals sehr viel Mut, Vertrauen, Ausdauer und Flexibilit\u00e4t. Eine besondere Rolle spielen eine oder mehrere Verfassungspr\u00fcfung(en) des Pferdes zur Vermeidung von \u00dcberlastung. Ab der Gel\u00e4ndepr\u00fcfung der Klasse E sind die Strecken \u00fcber einen Kilometer lang, deshalb ist auch die Ausdauer des Pferdes und des Reiters gefragt.<\/p>\n\n\n\n<div class=\"wp-block-columns is-layout-flex wp-container-3\">\n<div class=\"wp-block-column is-layout-flow\">\n<div class=\"alignnormal\"><div id=\"metaslider-id-79\" style=\"width: 100%;\" class=\"ml-slider-3-105-0 metaslider metaslider-flex metaslider-79 ml-slider has-dots-nav ms-theme-default\" role=\"region\" aria-label=\"Vielseitigkeit\" data-height=\"400\" data-width=\"600\">\n    <div id=\"metaslider_container_79\">\n        <div id=\"metaslider_79\">\n            <ul class='slides'>\n                <li style=\"display: block; width: 100%;\" class=\"slide-80 ms-image \" aria-roledescription=\"slide\" data-date=\"2020-07-14 08:38:58\" data-filename=\"FERDLN_nizto_02-553x369.jpg\" data-slide-type=\"image\"><img src=\"http:\/\/pferdekultur.at\/wp-content\/uploads\/2020\/07\/FERDLN_nizto_02-553x369.jpg\" height=\"400\" width=\"600\" alt=\"\" class=\"slider-79 slide-80 msDefaultImage\" title=\"FERDLN_nizto_02\" \/><\/li>\n                <li style=\"display: none; width: 100%;\" class=\"slide-81 ms-image \" aria-roledescription=\"slide\" data-date=\"2020-07-14 08:38:58\" data-filename=\"FERDLN_graefin_04-562x375.jpg\" data-slide-type=\"image\"><img src=\"http:\/\/pferdekultur.at\/wp-content\/uploads\/2020\/07\/FERDLN_graefin_04-562x375.jpg\" height=\"400\" width=\"600\" alt=\"\" class=\"slider-79 slide-81 msDefaultImage\" title=\"FERDLN_graefin_04\" \/><\/li>\n            <\/ul>\n        <\/div>\n        \n    <\/div>\n<\/div><\/div>\n<\/div>\n\n\n\n<div class=\"wp-block-column is-layout-flow\"><\/div>\n<\/div>\n\n\n\n<p>Eine Vielseitigkeitspr\u00fcfung setzt sich aus den drei Disziplinen Dressur, Gel\u00e4nde und Springen zusammen. Hinzu kommt eine sogenannte Verfassungspr\u00fcfung, bei der gepr\u00fcft wird, ob das Pferd nach dem Gel\u00e4nderitt unverletzt ist, der Ruhepuls innerhalb einer begrenzten Frist wieder erreicht wird und keine Dehydrierung eingetreten ist. Bei gro\u00dfen internationalen Pr\u00fcfungen gibt es noch zus\u00e4tzlich eine erste Verfassungspr\u00fcfung, die vor dem Teilbereich Dressur stattfindet. Besteht ein Pferd eine der beiden Verfassungspr\u00fcfungen nicht, ist es aus dem Wettbewerb ausgeschlossen. Nach neuerer Regelung kann eine Anordnung einer Verfassungspr\u00fcfung w\u00e4hrend der Pr\u00fcfung jederzeit durch jedes Mitglied der Richtergruppe mit Ausschlussm\u00f6glichkeit vorgenommen werden. Scheint ein Pferd der Jury in der Gel\u00e4ndestrecke \u00fcberfordert oder in gef\u00e4hrlichem Ma\u00dfe ersch\u00f6pft, wird der Reiter durch zeigen einer gelben Flagge auf die Bedenken und die versch\u00e4rfte Beobachtung hingewiesen. Verst\u00e4rken sich die Risikoanzeichen in den Augen der Jury, kann das Starterpaar durch Zeigen einer roten Flagge mit sofortiger Wirkung aus der Pr\u00fcfung genommen werden.<\/p>\n\n\n\n<!--nextpage-->\n\n\n\n<p>Es werden Veranstaltungen in verschiedenen Schwierigkeitsgraden ausgeschrieben. Bei internationalen Pr\u00fcfungen wird zwischen sogenannten Kurzpr\u00fcfungen (Concours International Combin\u00e9, CIC) und Langpr\u00fcfungen (Concours Complet International, CCI) unterschieden. \u00dcber eine Einteilung von einem bis vier Sternen wird die Schwierigkeit der gestellten Aufgaben bewertet. Weltweit gibt es sechs CCI 4*-Pr\u00fcfungen, diese sind alle Teil der HSBC FEI Classics.<\/p>\n\n\n\n<div class=\"wp-block-columns is-layout-flex wp-container-6\">\n<div class=\"wp-block-column is-layout-flow\">\n<figure class=\"wp-block-image size-large\"><img decoding=\"async\" loading=\"lazy\" width=\"600\" height=\"421\" src=\"http:\/\/pferdekultur.at\/wp-content\/uploads\/2020\/07\/FREDLN_Graefin_05.jpg\" alt=\"\" class=\"wp-image-74\" srcset=\"http:\/\/pferdekultur.at\/wp-content\/uploads\/2020\/07\/FREDLN_Graefin_05.jpg 600w, http:\/\/pferdekultur.at\/wp-content\/uploads\/2020\/07\/FREDLN_Graefin_05-300x211.jpg 300w\" sizes=\"(max-width: 600px) 100vw, 600px\" \/><\/figure>\n<\/div>\n\n\n\n<div class=\"wp-block-column is-layout-flow\"><\/div>\n<\/div>\n\n\n\n<p>Der Unterschied zwischen Kurz- und Langpr\u00fcfungen liegt zum einen in der Gestaltung des Gel\u00e4nderitts und zum anderen in der Gesamtdauer der Pr\u00fcfung. W\u00e4hrend bei einer Kurzpr\u00fcfung der Gel\u00e4ndeteil lediglich aus einer Wegestrecke und einem anschlie\u00dfenden Querfeldeinritt \u00fcber feste Hindernisse besteht, muss bei der langen Variante zuvor noch eine weitere Wegestrecke und eine Rennbahn mit Rennbahnhindernissen absolviert werden. Langpr\u00fcfungen finden an drei aufeinanderfolgenden Tagen statt, und zwar in der Reihenfolge Dressur am ersten, Gel\u00e4nde am zweiten, Verfassungspr\u00fcfung und abschlie\u00dfendes Springen am dritten Tag. Bei kurzen Pr\u00fcfungen kann die Dauer auf zwei oder sogar einen Tag verk\u00fcrzt sein und auch das Springen vor dem Gel\u00e4nderitt ausgetragen werden. Nach langen Diskussionen wurde inzwischen die Langpr\u00fcfung abgeschafft, es gibt nur noch Kurzpr\u00fcfungen. Die Olympischen Spiele 2004 in Athen setzen mit ihrem Kurzformat ein Zeichen f\u00fcr die zuk\u00fcnftige Richtung des Sports, um auf die Belastbarkeit der Pferde und Reiter mehr Acht zu nehmen, welches auch in Richtung mehr Sicherheit geht.<\/p>\n\n\n\n<!--nextpage-->\n\n\n\n<p>Die in der Vielseitigkeit gestellten Anforderungen in Dressur und Springen liegen unter denen der Spezialisten vergleichbarer Leistungsklassen. Dies ber\u00fccksichtigt das andere Leistungsprofil, das an Vielseitigkeitspferde gestellt wird. So sind beispielsweise die Springparcours weniger technisch, die enthaltenen Hindernisse nicht h\u00f6her als 1,25 m und die Distanzen zwischen den Spr\u00fcngen weiter, da die Pferde f\u00fcr den Gel\u00e4nderitt auf einen gr\u00f6\u00dferen Galoppsprung trainiert werden m\u00fcssen. Zudem ist bei festen Hindernissen die Ber\u00fchrung desselben kein Problem, w\u00e4hrend dies im Parcourspringen zu Abw\u00fcrfen f\u00fchrt. Bei Pr\u00fcfungen der h\u00f6chsten Schwierigkeit in der Vielseitigkeit liegen sie auf dem Niveau mittlerer Dressur- und Springaufgaben der Spezialisten (Klasse M).<\/p>\n\n\n\n<p>Bei den Gel\u00e4ndehindernissen sind die reinen zu \u00fcberwindenden H\u00f6hen und Weiten in ihren reinen Abmessungen und Flugkurven im Vergleich zum spezialisierten Springreiten eher gering, die Schwierigkeit ergibt sich aus der Optik (z. B. m\u00e4chtige Baumst\u00e4mme, Holzstapel und feste Holzw\u00e4nde, teilweise fast freischwebend) und der Einbindung in Gel\u00e4ndeunebenheiten (z. B. eine Wand von 1,20 m, die sich unmittelbar hinter einem 1 m tiefen Graben scheinbar \u00fcber 2 m hoch erhebt, Landung im oder Absprung aus dem Wasser, Graben in einer Senke mit Spr\u00fcngen im unmittelbaren Umfeld (coffin) oder Landepunkt auf anderer H\u00f6he als der Absprung). Teilweise werden auch besondere Anforderungen an den Gehorsam gestellt, wenn das Pferd \u00fcber einen sehr schmalen Sprung muss, an dem es an einer oder beiden Seiten bequem vorbeilaufen k\u00f6nnte, ohne die Strecke zu verlassen. Manche Hindernisse weisen eine reiz\u00fcberflutende Optik auf, wie etwa Marktst\u00e4nde mit Obst und Blumen. In den letzten Jahren wird mit dem Einsatz von Hindernissen begonnen, deren Verbindungen bei einer bestimmten Belastung nachgeben oder manuell leicht demontierbar sind, um die Folgen schwerer St\u00fcrze zu begrenzen und gegebenenfalls die Rettung von gest\u00fcrzten Reitern und Pferden erleichtern sollen. \u00dcblich ist es bei schweren Strecken, den Reitern bei den besonders schwierigen Passagen zwei alternative Wege anzubieten, bei denen oft einer, der chicken way, technisch etwas geringere Anforderungen stellt, jedoch mehr Zeit zum \u00dcberwinden kostet, die an anderer Stelle wieder herausgeritten werden muss oder zu Strafpunkten f\u00fchrt. Dadurch kann der verantwortungsvolle Reiter seinen Weg an die individuellen Eigenschaften und die Tagesform seines Pferdes anpassen und Schw\u00e4chen m\u00f6glicherweise mit besonderen St\u00e4rken an anderer Stelle kompensieren.<\/p>\n\n\n\n<!--nextpage-->\n\n\n\n<p>Die Gesamtwertung einer Vielseitigkeit erfolgt nach Fehlerpunkten. Das Dressurergebnis wird in einen Fehlerwert umgerechnet, wobei niedrigere Werte ein besseres Ergebnis bedeuten. Es wird in 15er-Schritten gerechnet: 0 Fehlerpunkte entsprechen einer Dressurpr\u00fcfung von 100 %, 15 Fehlerpunkte 90 %, 30 Fehlerpunkte 75 % usw. Die Weltbesten des Sports liegen oft mit ihren Dressurergebnissen bei unter 30 Fehlerpunkten. Hinzu kommen jeweils Hindernis- und Zeitfehler aus Gel\u00e4nde und Springen, wobei Hindernisfehler im Gel\u00e4nde mit 20 Fehlern und mehr (z. B. f\u00fcr gef\u00e4hrliches Reiten) angerechnet werden, im Springen jedoch nur mit 4. Ein \u00dcberschreiten der vorgegebenen Zeit beim Absolvieren der Gel\u00e4ndestrecke f\u00fchrt zu Strafpunkten, ein Unterbieten jedoch nicht zu Pluspunkten, sondern lediglich zu erh\u00f6hter Erm\u00fcdung von Reiter und Pferd. Fehler oder auch St\u00fcrze z\u00e4hlten fr\u00fcher f\u00fcr die Wertung innerhalb ausgewiesener Zonen um Hindernispassagen der Gel\u00e4ndestrecke, nicht jedoch au\u00dferhalb dieser. Nach neuerem Reglement z\u00e4hlen solche Fehler und St\u00fcrze, die im Zusammenhang mit dem Hindernis erfolgen. Ein Sturz des Pferdes im Zusammenhang mit einem Hindernis f\u00fchrt bei internationalen Pr\u00fcfungen zu dessen Schutz zum sofortigen Ausschluss.<\/p>\n\n\n\n<div class=\"wp-block-columns is-layout-flex wp-container-9\">\n<div class=\"wp-block-column is-layout-flow\">\n<figure class=\"wp-block-image size-large\"><img decoding=\"async\" loading=\"lazy\" width=\"1024\" height=\"862\" src=\"http:\/\/pferdekultur.at\/wp-content\/uploads\/2020\/07\/Nizto_Ebreichsdorf_01-1024x862.jpg\" alt=\"\" class=\"wp-image-76\" srcset=\"http:\/\/pferdekultur.at\/wp-content\/uploads\/2020\/07\/Nizto_Ebreichsdorf_01-1024x862.jpg 1024w, http:\/\/pferdekultur.at\/wp-content\/uploads\/2020\/07\/Nizto_Ebreichsdorf_01-300x253.jpg 300w, http:\/\/pferdekultur.at\/wp-content\/uploads\/2020\/07\/Nizto_Ebreichsdorf_01-768x647.jpg 768w, http:\/\/pferdekultur.at\/wp-content\/uploads\/2020\/07\/Nizto_Ebreichsdorf_01-1536x1293.jpg 1536w, http:\/\/pferdekultur.at\/wp-content\/uploads\/2020\/07\/Nizto_Ebreichsdorf_01.jpg 2000w\" sizes=\"(max-width: 1024px) 100vw, 1024px\" \/><\/figure>\n<\/div>\n\n\n\n<div class=\"wp-block-column is-layout-flow\"><\/div>\n<\/div>\n\n\n\n<p>Gewonnen hat das Paar, das nach Absolvieren aller drei Teildisziplinen die geringste Fehlerpunktzahl erreicht hat. In der Verfassungspr\u00fcfung werden keine Fehlerpunkte vergeben, jedoch f\u00fchrt die Beanstandung der k\u00f6rperlichen Verfassung des Pferdes durch Verletzung oder \u00dcberforderung zum Ausschluss aus dem Wettbewerb.<\/p>\n","protected":false},"excerpt":{"rendered":"<p>Das Vielseitigkeitsreiten setzt sich aus drei Teilpr\u00fcfungen der Disziplinen Dressur, Springen und Gel\u00e4ndereiten innerhalb eines Wettbewerbes zusammen. Die Pr\u00fcfung hat einen milit\u00e4rischen Ursprung. Bei der Vielseitigkeitspr\u00fcfung ben\u00f6tigen Pferd und Reiter oftmals sehr viel Mut, Vertrauen, Ausdauer und Flexibilit\u00e4t. Eine besondere Rolle spielen eine oder mehrere Verfassungspr\u00fcfung(en) des Pferdes zur Vermeidung von \u00dcberlastung. Ab der Gel\u00e4ndepr\u00fcfung [&hellip;]<\/p>\n","protected":false},"author":2,"featured_media":0,"parent":0,"menu_order":0,"comment_status":"closed","ping_status":"closed","template":"","meta":[],"_links":{"self":[{"href":"http:\/\/pferdekultur.at\/index.php?rest_route=\/wp\/v2\/pages\/71"}],"collection":[{"href":"http:\/\/pferdekultur.at\/index.php?rest_route=\/wp\/v2\/pages"}],"about":[{"href":"http:\/\/pferdekultur.at\/index.php?rest_route=\/wp\/v2\/types\/page"}],"author":[{"embeddable":true,"href":"http:\/\/pferdekultur.at\/index.php?rest_route=\/wp\/v2\/users\/2"}],"replies":[{"embeddable":true,"href":"http:\/\/pferdekultur.at\/index.php?rest_route=%2Fwp%2Fv2%2Fcomments&post=71"}],"version-history":[{"count":2,"href":"http:\/\/pferdekultur.at\/index.php?rest_route=\/wp\/v2\/pages\/71\/revisions"}],"predecessor-version":[{"id":82,"href":"http:\/\/pferdekultur.at\/index.php?rest_route=\/wp\/v2\/pages\/71\/revisions\/82"}],"wp:attachment":[{"href":"http:\/\/pferdekultur.at\/index.php?rest_route=%2Fwp%2Fv2%2Fmedia&parent=71"}],"curies":[{"name":"wp","href":"https:\/\/api.w.org\/{rel}","templated":true}]}}